{"id":4721,"date":"2021-10-27T08:23:00","date_gmt":"2021-10-27T08:23:00","guid":{"rendered":"https:\/\/tirociniosfp.uniurb.it\/?page_id=4721"},"modified":"2023-10-16T16:55:02","modified_gmt":"2023-10-16T16:55:02","slug":"percorsi-formativi-anni-precedenti","status":"publish","type":"page","link":"https:\/\/tirociniosfp.uniurb.it\/?page_id=4721","title":{"rendered":"a.a. 2019\/22"},"content":{"rendered":"<p><span style=\"font-family: verdana, geneva, sans-serif;\"><a href=\"http:\/\/tirociniosfp.uniurb.it\/?page_id=904\"><span style=\"color: #000000;\">Mercoled\u00ec dell&#8217;Universit\u00e0 (FINO A ANNO ACCADEMICO 19-20)<\/span><\/a><\/span><\/p>\n<p><span style=\"color: #000000; font-family: verdana, geneva, sans-serif;\"><a style=\"color: #000000;\" href=\"https:\/\/docs.google.com\/document\/d\/1LV0-heHVaa-MMWFVP3aSs66WwxEpw0qK\/edit?usp=sharing&amp;ouid=109786934958939350203&amp;rtpof=true&amp;sd=true\">Mercoled\u00ec dell&#8217;Universit\u00e0 A.A. 2020-21<\/a><\/span><\/p>\n<p><span style=\"color: #000000; font-family: verdana, geneva, sans-serif;\"><a style=\"color: #000000;\" href=\"https:\/\/docs.google.com\/document\/d\/1kl7q2dpQCV0qcN_18GYicnZ3Vqspfp9vWackTE2cgpo\/edit?usp=sharing\">Mercoled\u00ec dell&#8217;Universit\u00e0 A.A. 2021-22<\/a><\/span><\/p>\n<p><span style=\"font-family: verdana, geneva, sans-serif;\"><a href=\"http:\/\/tirociniosfp.uniurb.it\/?page_id=1123\"><span style=\"color: #000000;\">Scritti<\/span><\/a><\/span><\/p>\n<p><span style=\"color: #000000; font-family: verdana, geneva, sans-serif;\"><a style=\"color: #000000;\" href=\"https:\/\/docs.google.com\/document\/d\/1t36r4OqK9ImseEBoKQcqhuV_gxqVmhXx\/edit?usp=sharing&amp;ouid=109786934958939350203&amp;rtpof=true&amp;sd=true\">Seminari tematici &#8220;Scuola della democrazia&#8221; A.A 2020-21<\/a><\/span><\/p>\n<p><span style=\"font-family: verdana, geneva, sans-serif;\"><a href=\"https:\/\/docs.google.com\/document\/d\/1E0brbBIkktcP4itHLl6f8DsGHnL0Jfcq9SFb_MwYZIQ\/edit?usp=sharing\"><span style=\"color: #000000;\">Seminari tematici &#8220;La scuola della costituzione&#8221; A.A.A 2021-22<\/span><\/a><\/span><\/p>\n<p><span style=\"font-family: verdana, geneva, sans-serif;\"><a href=\"https:\/\/docs.google.com\/document\/d\/1BFr7o53kHT44eChZAUw-1RBXLc9Cp3mH\/edit?usp=sharing&amp;ouid=109786934958939350203&amp;rtpof=true&amp;sd=true\"><span style=\"color: #000000;\">FAD: Formazione a Distanza A.A. 2020-21<\/span><\/a><\/span><\/p>\n<p><span style=\"font-family: verdana, geneva, sans-serif;\"><a href=\"https:\/\/docs.google.com\/document\/d\/1KjzuBhbB7lwsi4bAMk36oEpO6MXiTEIGqyApp8PAq54\/edit?usp=sharing\"><span style=\"color: #000000;\">Percorso FAD A.A. 2021-22<\/span><\/a><\/span><\/p>\n<p><span style=\"color: #000000; font-family: verdana, geneva, sans-serif;\"><a style=\"color: #000000;\" href=\"https:\/\/docs.google.com\/document\/d\/1IN-AUEiFTcgUtQrwjj5ZGdV6La2z6y3a\/edit?usp=sharing&amp;ouid=109786934958939350203&amp;rtpof=true&amp;sd=true\">Seminari Percorso Lingua Inglese A.A. 2020-21<\/a><\/span><\/p>\n<p><span style=\"color: #000000; font-family: verdana, geneva, sans-serif;\"><a style=\"color: #000000;\" href=\"https:\/\/docs.google.com\/document\/d\/1ac0UxiV6mHRDkN06sJIbOyaeFl1Qf5SS2cL4Qt7CVq8\/edit?usp=sharing\">Seminari tematici lingua inglese A.A. 2021-22<\/a><\/span><\/p>\n<p><span style=\"color: #000000; font-family: verdana, geneva, sans-serif;\"><a style=\"color: #000000;\" href=\"https:\/\/docs.google.com\/document\/d\/1hzWoOg9R4UTtxgGO2veEciefSXCCBEsT\/edit?usp=sharing&amp;ouid=109786934958939350203&amp;rtpof=true&amp;sd=true\">Seminari di tirocinio A.A. 2020-21<\/a><\/span><\/p>\n<p><span style=\"font-family: verdana, geneva, sans-serif;\"><a href=\"https:\/\/docs.google.com\/document\/d\/1WXYfoZrfqwtn6dMwvpkVaiFm2J_RsKFqQnpGUW70oio\/edit?usp=sharing\"><span style=\"color: #000000;\">Seminari di tirocinio A.A. 2021-22<\/span><\/a><\/span><\/p>\n<p><span style=\"color: #000000; font-family: verdana, geneva, sans-serif;\"><a style=\"color: #000000;\" href=\"https:\/\/docs.google.com\/document\/d\/1UIne2Xj2kRwlxzoObaSD0q56-XrpU_FE\/edit?usp=sharing&amp;ouid=109786934958939350203&amp;rtpof=true&amp;sd=true\">Seminari professionalizzanti A.A. 2020-21<\/a><\/span><\/p>\n<p><span style=\"color: #000000; font-family: verdana, geneva, sans-serif;\"><a style=\"color: #000000;\" href=\"https:\/\/docs.google.com\/document\/d\/1wREZVLMZZw0RL5k-QP88rm1Q9FbeDIWpBqmWUVKcmsE\/edit?usp=sharing\">Seminari professionalizzanti A.A. 2021-22<\/a><\/span><\/p>\n<p><span style=\"font-family: verdana, geneva, sans-serif;\"><a href=\"https:\/\/drive.google.com\/file\/d\/1tjXhrqJBStfKDhPS6ZhueFDA1O5P0GhA\/view?usp=sharing\"><span style=\"color: #000000;\">Offerta formativa A.A. 2021-22<\/span><\/a><\/span><\/p>\n","protected":false},"excerpt":{"rendered":"<p>Mercoled\u00ec dell&#8217;Universit\u00e0 (FINO A ANNO ACCADEMICO 19-20) Mercoled\u00ec dell&#8217;Universit\u00e0 A.A. 2020-21 Mercoled\u00ec dell&#8217;Universit\u00e0 A.A. 2021-22 Scritti Seminari tematici &#8220;Scuola della democrazia&#8221; A.A 2020-21 Seminari tematici &#8220;La scuola della costituzione&#8221; A.A.A 2021-22 FAD: Formazione a Distanza A.A. 2020-21 Percorso FAD A.A. 2021-22 Seminari Percorso Lingua Inglese A.A. 2020-21 Seminari tematici lingua inglese A.A. 2021-22 Seminari di tirocinio A.A. 2020-21 Seminari di tirocinio A.A. 2021-22 Seminari professionalizzanti A.A. 2020-21 Seminari professionalizzanti A.A. 2021-22 Offerta formativa A.A. 2021-22<a class=\"more-link\" href=\"https:\/\/tirociniosfp.uniurb.it\/?page_id=4721\">Leggi altro &rarr;<\/a><\/p>\n","protected":false},"author":7,"featured_media":0,"parent":0,"menu_order":100,"comment_status":"closed","ping_status":"closed","template":"","meta":{"footnotes":""},"class_list":["entry","author-alessia-muratori","post-4721","page","type-page","status-publish"],"_links":{"self":[{"href":"https:\/\/tirociniosfp.uniurb.it\/index.php?rest_route=\/wp\/v2\/pages\/4721","targetHints":{"allow":["GET"]}}],"collection":[{"href":"https:\/\/tirociniosfp.uniurb.it\/index.php?rest_route=\/wp\/v2\/pages"}],"about":[{"href":"https:\/\/tirociniosfp.uniurb.it\/index.php?rest_route=\/wp\/v2\/types\/page"}],"author":[{"embeddable":true,"href":"https:\/\/tirociniosfp.uniurb.it\/index.php?rest_route=\/wp\/v2\/users\/7"}],"replies":[{"embeddable":true,"href":"https:\/\/tirociniosfp.uniurb.it\/index.php?rest_route=%2Fwp%2Fv2%2Fcomments&post=4721"}],"version-history":[{"count":23,"href":"https:\/\/tirociniosfp.uniurb.it\/index.php?rest_route=\/wp\/v2\/pages\/4721\/revisions"}],"predecessor-version":[{"id":5852,"href":"https:\/\/tirociniosfp.uniurb.it\/index.php?rest_route=\/wp\/v2\/pages\/4721\/revisions\/5852"}],"wp:attachment":[{"href":"https:\/\/tirociniosfp.uniurb.it\/index.php?rest_route=%2Fwp%2Fv2%2Fmedia&parent=4721"}],"curies":[{"name":"wp","href":"https:\/\/api.w.org\/{rel}","templated":true}]}}