{"id":205,"date":"2016-09-05T20:42:28","date_gmt":"2016-09-05T20:42:28","guid":{"rendered":"http:\/\/tirociniosfp.uniurb.it\/nuovosito\/?page_id=205"},"modified":"2026-04-13T11:15:03","modified_gmt":"2026-04-13T11:15:03","slug":"formazione-e-learning","status":"publish","type":"page","link":"https:\/\/tirociniosfp.uniurb.it\/?page_id=205","title":{"rendered":"Formazione E-learning"},"content":{"rendered":"<p style=\"text-align: justify;\"><span style=\"color: #000000; font-size: 10pt;\"><span style=\"font-family: verdana, geneva, sans-serif;\">Attivit\u00e0 formative organizzate dalla struttura di tirocinio &#8211;\u00a0<\/span><span style=\"font-family: verdana, geneva, sans-serif;\">La struttura del tirocinio del Corso di Laurea di Scienze della Formazione Primaria propone un piano dell\u2019offerta formativa che comprende le iniziative denominate \u00a0<\/span><\/span><\/p>\n<h2 style=\"text-align: center;\"><span style=\"color: #000000; font-size: 14pt;\"><span style=\"font-family: verdana, geneva, sans-serif;\">Formazione E-learning 2025\/26<\/span><\/span><\/h2>\n<p style=\"text-align: justify;\"><span style=\"font-family: verdana, geneva, sans-serif; font-size: 10pt; color: #000000;\">La formazione e-learning va ad ampliare la gamma dell&#8217;offerta formativa promossa a supporto del tirocinio diretto.\u00a0I moduli saranno disponibili nella piattaforma Blended Learning di ateneo e rivolti agli studenti del corso di laurea in Scienze della Formazione Primaria fuori sede e lavoratori. La frequenza consente il riconoscimento fino a massimo di 10 crediti orari d tirocinio indiretto. Modulo di registrazione attivit\u00e0 formative. (<a style=\"color: #000000;\" href=\"https:\/\/docs.google.com\/document\/d\/1TxGdjn-LLnbSs9z47K8UzADGfuxVPbpK\/edit?usp=sharing&amp;ouid=109786934958939350203&amp;rtpof=true&amp;sd=true\">Vedi<\/a>)<\/span><\/p>\n<p style=\"text-align: justify;\"><span style=\"font-family: verdana, geneva, sans-serif; font-size: 10pt; color: #000000;\">Ogni Modulo formativo della durata di circa 30 giorni mette a disposizione delle risorse per l&#8217;approfondimento e prevede l&#8217;elaborazione di alcune attivit\u00e0, entro dei termini di tempo di volta in volta stabiliti ed indicati. Le modalit\u00e0 di accesso all&#8217;ambiente online saranno fornite al momento dell&#8217;ammissione alla frequenza.\u00a0<\/span><\/p>\n<p style=\"text-align: justify;\"><span style=\"font-family: verdana, geneva, sans-serif; font-size: 10pt; color: #000000;\">I tutor si riservano di individuare eventuali criteri di selezione e\/o redistribuzione, qualora gli iscritti risultassero eccessivamente numerosi. Ci\u00f2 al fine di garantire lo svolgimento ottimale delle attivit\u00e0 online e la qualit\u00e0 della formazione.\u00a0<\/span><\/p>\n<table style=\"border-collapse: collapse; width: 100%; height: 445px;\">\n<tbody>\n<tr style=\"border-color: #c4c2c2; background-color: #efb0f5;\">\n<td style=\"width: 40.893471%; height: 24px; text-align: left;\"><strong><span style=\"font-family: verdana, geneva, sans-serif;\"><span style=\"color: #000000;\">TITOLO<\/span><\/span><\/strong><\/td>\n<td style=\"width: 36.189863%; height: 24px; text-align: center;\"><strong><span style=\"font-family: verdana, geneva, sans-serif;\"><span style=\"color: #000000;\">\u00a0TUTOR FORMATORI<\/span><\/span><\/strong><\/td>\n<td style=\"width: 22.916666%; height: 24px; text-align: center;\"><strong><span style=\"font-family: verdana, geneva, sans-serif;\"><span style=\"color: #000000;\">PERIODO DI SVOLGIMENTO\u00a0<\/span><\/span><\/strong><\/td>\n<\/tr>\n<tr style=\"height: 56px; border-color: #c4c2c2;\">\n<td style=\"width: 100%; height: 56px;\" colspan=\"3\">\n<p style=\"text-align: left;\"><span style=\"font-weight: 400; font-family: verdana, geneva, sans-serif; color: #000000;\"><strong><span style=\"font-family: verdana, geneva, sans-serif; color: #000000;\">APERTURA ISCRIZIONI II semestre: 6\/22 febbraio 2026<\/span><\/strong><\/span><span style=\"font-weight: 400; font-family: verdana, geneva, sans-serif; color: #000000;\"><strong><span style=\"font-family: verdana, geneva, sans-serif; color: #000000;\">\u00a0 \u00a0 \u00a0<\/span><\/strong><\/span><\/p>\n<\/td>\n<\/tr>\n<tr style=\"height: 57px;\">\n<td style=\"width: 40.893471%; height: 57px;\"><span style=\"font-family: verdana, geneva, sans-serif; color: #000000;\"><b>\u00a0<\/b><\/span><\/td>\n<td style=\"width: 36.189863%; text-align: center; height: 57px;\"><span style=\"font-weight: 400; font-family: verdana, geneva, sans-serif; color: #000000;\"><strong><span style=\"font-family: verdana, geneva, sans-serif; color: #000000;\">Secondo semestre <\/span><\/strong><\/span><\/td>\n<td style=\"width: 22.916666%; text-align: center; height: 57px;\"><span style=\"font-family: verdana, geneva, sans-serif; color: #000000;\">\u00a0<\/span><\/td>\n<\/tr>\n<tr style=\"height: 24px; border-color: #c4c2c2;\">\n<td style=\"width: 40.893471%; height: 24px;\"><span style=\"font-family: verdana, geneva, sans-serif; color: #000000;\"><strong>MODULO 5<\/strong><\/span><\/p>\n<p><span style=\"color: #000000;\"><span style=\"font-weight: 400; font-family: verdana, geneva, sans-serif;\">DIGITAL STORYTELLING &#8211;\u00a0<\/span><span style=\"font-family: verdana, geneva, sans-serif;\">La magia delle parole e delle immagini tra carta e schermo<\/span><\/span><\/td>\n<td style=\"width: 36.189863%; height: 24px; text-align: center;\"><span style=\"font-family: verdana, geneva, sans-serif; color: #000000;\">M. Montesi, O. Candelaresi, G. Donnini, E. Meloni, G. Patregnani, R. Patrignani\u00a0<\/span><\/td>\n<td style=\"width: 22.916666%; height: 24px; text-align: center;\"><span style=\"font-family: verdana, geneva, sans-serif; color: #000000; font-size: 10pt;\">Dal 2 al 31 marzo 2026 &#8211; <\/span><span style=\"color: #000000; font-family: verdana, geneva, sans-serif; font-size: 10pt;\">Max 60 iscrizioni<\/span><\/td>\n<\/tr>\n<tr style=\"border-color: #c4c2c2; height: 24px;\">\n<td style=\"width: 40.893471%; height: 24px;\"><span style=\"font-family: verdana, geneva, sans-serif; color: #000000;\"><strong>MODULO 6<\/strong><\/span><\/p>\n<p><span style=\"font-family: verdana, geneva, sans-serif; color: #000000;\">GESTIONE DELLA CLASSE &#8211; Trasformare conflitti in opportunit\u00e0 con la Comunicazione Non Violenta\u00a0<\/span><br \/>\n<br style=\"font-weight: 400;\" \/><\/td>\n<td style=\"width: 36.189863%; height: 24px; text-align: center;\"><span style=\"font-family: verdana, geneva, sans-serif; color: #000000;\">M. Montesi, O. Candelaresi, G. Donnini, E. Meloni, G. Patregnani, R. Patrignani\u00a0<\/span><\/td>\n<td style=\"width: 22.916666%; height: 24px; text-align: center;\"><span style=\"font-family: verdana, geneva, sans-serif; color: #000000; font-size: 10pt;\">Dal 2 al 31 marzo 2026 &#8211; <\/span><span style=\"color: #000000; font-family: verdana, geneva, sans-serif; font-size: 10pt;\">Max 60 iscrizioni<\/span><\/td>\n<\/tr>\n<tr style=\"border-color: #c4c2c2; height: 24px;\">\n<td style=\"width: 40.893471%; height: 24px;\"><span style=\"font-family: verdana, geneva, sans-serif; color: #000000;\"><strong>MODULO 7<\/strong><\/span><\/p>\n<p><span style=\"font-family: verdana, geneva, sans-serif; color: #000000;\">EDUCARE ALLA PARITA&#8217; &#8211; Decostruire gli stereotipi di genere nei libri di testo<\/span><\/td>\n<td style=\"width: 36.189863%; height: 24px; text-align: center;\"><span style=\"font-family: verdana, geneva, sans-serif; color: #000000;\">M. Montesi, O. Candelaresi, G. Donnini, E. Meloni, G. Patregnani, R. Patrignani\u00a0 <\/span><\/td>\n<td style=\"width: 22.916666%; height: 24px; text-align: center;\"><span style=\"font-family: verdana, geneva, sans-serif; color: #000000; font-size: 10pt;\">Dal 1\u00b0 al 30 aprile 2026 &#8211;\u00a0<\/span><span style=\"color: #000000; font-family: verdana, geneva, sans-serif; font-size: 10pt;\">Max 60 iscrizioni<\/span><\/td>\n<\/tr>\n<tr>\n<td style=\"width: 40.893471%;\"><span style=\"font-family: verdana, geneva, sans-serif; color: #000000;\"><b>\u00a0<\/b><\/span><\/td>\n<td style=\"width: 36.189863%; text-align: center;\"><span style=\"font-family: verdana, geneva, sans-serif; color: #000000;\"><span style=\"font-weight: 400; font-family: verdana, geneva, sans-serif; color: #000000;\"><strong>Primo semestre<\/strong><\/span><\/span><\/td>\n<td style=\"width: 22.916666%; text-align: center;\"><span style=\"font-family: verdana, geneva, sans-serif; color: #000000; font-size: 10pt;\">\u00a0<\/span><\/td>\n<\/tr>\n<tr style=\"border-color: #c4c2c2;\">\n<td style=\"width: 40.893471%; height: 24px;\"><span style=\"font-family: verdana, geneva, sans-serif; color: #000000;\"><b>MODULO 1\u00a0<\/b><\/span><\/p>\n<p><span style=\"font-weight: 400; font-family: verdana, geneva, sans-serif; color: #000000;\">MANI IN PASTA &#8211; Il tinkering come strumento di apprendimento<\/span><\/td>\n<td style=\"width: 36.189863%; height: 24px; text-align: center;\"><span style=\"font-family: verdana, geneva, sans-serif; color: #000000;\">M. Montesi, O. Candelaresi, G. Donnini, E. Meloni, E. Moretti, G. Patregnani, R. Patrignani\u00a0<\/span><\/td>\n<td style=\"width: 22.916666%; height: 24px; text-align: center;\"><span style=\"font-family: verdana, geneva, sans-serif; color: #000000; font-size: 10pt;\">Dal 3 novembre al 2 dicembre 2025 \u00a0<\/span><\/td>\n<\/tr>\n<tr style=\"border-color: #c4c2c2; height: 24px;\">\n<td style=\"width: 40.893471%; height: 24px;\"><span style=\"font-family: verdana, geneva, sans-serif; color: #000000;\"><strong><strong>MODULO 2<\/strong><\/strong><\/span><\/p>\n<p><span style=\"color: #000000;\"><span style=\"font-family: verdana, geneva, sans-serif;\">IL GESTO GRAFICO &#8211;\u00a0<\/span><span style=\"font-family: verdana, geneva, sans-serif;\">Corpo e mani in gioco, segni in viaggio tra infanzia e primaria<\/span><\/span><\/td>\n<td style=\"width: 36.189863%; height: 24px; text-align: center;\"><span style=\"font-family: verdana, geneva, sans-serif; color: #000000;\">M. Montesi, O. Candelaresi, G. Donnini, E. Meloni, E. Moretti, G. Patregnani, R. Patrignani\u00a0<\/span><\/td>\n<td style=\"width: 22.916666%; height: 24px; text-align: center;\"><span style=\"font-family: verdana, geneva, sans-serif; color: #000000; font-size: 10pt;\">Dal 3 novembre al 2 dicembre<\/span><\/td>\n<\/tr>\n<tr style=\"border-color: #c4c2c2; height: 24px;\">\n<td style=\"width: 40.893471%; height: 24px;\"><span style=\"font-family: verdana, geneva, sans-serif; color: #000000;\"><strong><strong>MODULO 3<\/strong><\/strong><\/span><\/p>\n<p><span style=\"font-weight: 400; font-family: verdana, geneva, sans-serif; color: #000000;\">STORIE CHE PRENDONO VITA &#8211; IL Kamishibai nella didattica<\/span><\/td>\n<td style=\"width: 36.189863%; height: 24px; text-align: center;\"><span style=\"font-family: verdana, geneva, sans-serif; color: #000000;\">M. Montesi, O. Candelaresi, G. Donnini, E. Meloni, E. Moretti, G. Patregnani, R. Patrignani\u00a0<\/span><\/td>\n<td style=\"width: 22.916666%; height: 24px; text-align: center;\"><span style=\"font-family: verdana, geneva, sans-serif; color: #000000; font-size: 10pt;\">Dal 3 dicembre 2025 ad 8 gennaio 2026\u00a0<\/span><\/td>\n<\/tr>\n<tr style=\"height: 164px;\">\n<td style=\"width: 40.893471%; height: 164px;\"><span style=\"font-family: verdana, geneva, sans-serif; color: #000000;\"><b>MODULO 4<\/b><\/span><\/p>\n<p><span style=\"color: #000000;\"><span style=\"font-weight: 400; font-family: verdana, geneva, sans-serif;\">DIDATTICA SENZA CONFINI &#8211;\u00a0<\/span><span style=\"font-weight: 400; font-family: verdana, geneva, sans-serif;\">Oltre la classe con eTwinning <\/span><span style=\"font-family: verdana, geneva, sans-serif;\">(II o III anno di tirocinio)<\/span><\/span><\/td>\n<td style=\"width: 36.189863%; text-align: center; height: 164px;\"><span style=\"font-weight: 400; font-family: verdana, geneva, sans-serif; color: #000000;\"><span style=\"font-family: verdana, geneva, sans-serif;\">M. Montesi, O. Candelaresi, G. Donnini, E. Meloni, E. Moretti, G. Patregnani, R. Patrignani\u00a0<\/span><\/span><\/td>\n<td style=\"width: 22.916666%; text-align: center; height: 164px;\"><span style=\"font-family: verdana, geneva, sans-serif; color: #000000; font-size: 10pt;\">Dal 3 dicembre 2025 ad 8 gennaio 2026\u00a0<\/span><\/td>\n<\/tr>\n<tr style=\"height: 57px;\">\n<td style=\"width: 40.893471%; height: 57px;\"><\/td>\n<td style=\"width: 36.189863%; text-align: center; height: 57px;\"><\/td>\n<td style=\"width: 22.916666%; text-align: center; height: 57px;\"><\/td>\n<\/tr>\n<tr style=\"height: 24px; border-color: #c4c2c2;\">\n<td style=\"width: 40.893471%; height: 24px;\"><\/td>\n<td style=\"width: 36.189863%; height: 24px; text-align: center;\"><\/td>\n<td style=\"width: 22.916666%; height: 24px; text-align: center;\"><\/td>\n<\/tr>\n<tr style=\"border-color: #c4c2c2; height: 24px;\">\n<td style=\"width: 40.893471%; height: 24px;\"><\/td>\n<td style=\"width: 36.189863%; height: 24px; text-align: center;\"><\/td>\n<td style=\"width: 22.916666%; height: 24px; text-align: center;\"><\/td>\n<\/tr>\n<tr style=\"border-color: #c4c2c2; height: 24px;\">\n<td style=\"width: 40.893471%; height: 24px;\"><\/td>\n<td style=\"width: 36.189863%; height: 24px; text-align: center;\"><\/td>\n<td style=\"width: 22.916666%; height: 24px; text-align: center;\"><\/td>\n<\/tr>\n<\/tbody>\n<\/table>\n<h2><\/h2>\n<div>\n<div>\n<hr \/>\n<p style=\"text-align: left;\"><span style=\"color: #000000;\"><span style=\"font-size: 12pt;\"><span style=\"font-family: verdana, geneva, sans-serif;\">FORMAZIONE E-LEARNING 2023\/24 <a style=\"color: #000000;\" href=\"https:\/\/drive.google.com\/file\/d\/1qhGalPAZ9UkcFM14NemZ8ghPCZkcQkEX\/view?usp=sharing\" target=\"_blank\" rel=\"noopener\">(vedi)<\/a>\u00a0 e 2024\/25 <span style=\"color: #000000;\"><a style=\"color: #000000;\" href=\"https:\/\/drive.google.com\/file\/d\/1bqCGau3b9fuTwxiQpo4a4h5yhyezSOqz\/view?usp=share_link\" target=\"_blank\" rel=\"noopener\">(vedi)<\/a><\/span> \u00a0 \u00a0 <\/span><\/span><\/span><\/p>\n<\/div>\n<\/div>\n<p>&nbsp;<\/p>\n<p>&nbsp;<\/p>\n<p>&nbsp;<\/p>\n<p>&nbsp;<\/p>\n<p>&nbsp;<\/p>\n<p>&nbsp;<\/p>\n<p>&nbsp;<\/p>\n<p>&nbsp;<\/p>\n<p>&nbsp;<\/p>\n<p>&nbsp;<\/p>\n<p>&nbsp;<\/p>\n<p><a href=\"https:\/\/www.canva.com\/design\/DAGqj-In9Tw\/jclHpKlFdJqbmLEBkKVd-g\/view?utm_content=DAGqj-In9Tw&amp;utm_campaign=share_your_design&amp;utm_medium=link2&amp;utm_source=shareyourdesignpanel\" target=\"_blank\" rel=\"noopener\">OKK<\/a><\/p>\n<p><a href=\"https:\/\/www.canva.com\/design\/DAGqj-In9Tw\/jclHpKlFdJqbmLEBkKVd-g\/view?utm_content=DAGqj-In9Tw&amp;utm_campaign=share_your_design&amp;utm_medium=link2&amp;utm_source=shareyourdesignpanel\" target=\"_blank\" rel=\"noopener\">link raffa<\/a><\/p>\n","protected":false},"excerpt":{"rendered":"<p>Attivit\u00e0 formative organizzate dalla struttura di tirocinio &#8211;\u00a0La struttura del tirocinio del Corso di Laurea di Scienze della Formazione Primaria propone un piano dell\u2019offerta formativa che comprende le iniziative denominate \u00a0 Formazione E-learning 2025\/26 La formazione e-learning va ad ampliare la gamma dell&#8217;offerta formativa promossa a supporto del tirocinio diretto.\u00a0I moduli saranno disponibili nella piattaforma Blended Learning di ateneo e rivolti agli studenti del corso di laurea in Scienze della Formazione Primaria fuori sede e lavoratori. La frequenza consente il riconoscimento fino a massimo di 10 crediti orari d tirocinio indiretto. Modulo di registrazione attivit\u00e0 formative. (Vedi) Ogni Modulo formativo della durata di circa 30<a class=\"more-link\" href=\"https:\/\/tirociniosfp.uniurb.it\/?page_id=205\">Leggi altro &rarr;<\/a><\/p>\n","protected":false},"author":2,"featured_media":0,"parent":2545,"menu_order":20,"comment_status":"closed","ping_status":"closed","template":"","meta":{"footnotes":""},"class_list":["entry","author-admin","post-205","page","type-page","status-publish"],"_links":{"self":[{"href":"https:\/\/tirociniosfp.uniurb.it\/index.php?rest_route=\/wp\/v2\/pages\/205","targetHints":{"allow":["GET"]}}],"collection":[{"href":"https:\/\/tirociniosfp.uniurb.it\/index.php?rest_route=\/wp\/v2\/pages"}],"about":[{"href":"https:\/\/tirociniosfp.uniurb.it\/index.php?rest_route=\/wp\/v2\/types\/page"}],"author":[{"embeddable":true,"href":"https:\/\/tirociniosfp.uniurb.it\/index.php?rest_route=\/wp\/v2\/users\/2"}],"replies":[{"embeddable":true,"href":"https:\/\/tirociniosfp.uniurb.it\/index.php?rest_route=%2Fwp%2Fv2%2Fcomments&post=205"}],"version-history":[{"count":288,"href":"https:\/\/tirociniosfp.uniurb.it\/index.php?rest_route=\/wp\/v2\/pages\/205\/revisions"}],"predecessor-version":[{"id":7223,"href":"https:\/\/tirociniosfp.uniurb.it\/index.php?rest_route=\/wp\/v2\/pages\/205\/revisions\/7223"}],"up":[{"embeddable":true,"href":"https:\/\/tirociniosfp.uniurb.it\/index.php?rest_route=\/wp\/v2\/pages\/2545"}],"wp:attachment":[{"href":"https:\/\/tirociniosfp.uniurb.it\/index.php?rest_route=%2Fwp%2Fv2%2Fmedia&parent=205"}],"curies":[{"name":"wp","href":"https:\/\/api.w.org\/{rel}","templated":true}]}}