{"id":1206,"date":"2017-01-27T07:10:04","date_gmt":"2017-01-27T07:10:04","guid":{"rendered":"http:\/\/tirociniosfp.uniurb.it\/?page_id=1206"},"modified":"2022-12-30T16:53:11","modified_gmt":"2022-12-30T16:53:11","slug":"il-tirocinio-e","status":"publish","type":"page","link":"https:\/\/tirociniosfp.uniurb.it\/?page_id=1206","title":{"rendered":"Il Tirocinio \u00e8 &#8230;"},"content":{"rendered":"<h4 style=\"text-align: justify;\"><span style=\"font-size: 12pt;\"><span style=\"color: #000000;\">I Tutor di tirocinio organizzano molteplici e diversificate iniziative di formazione (seminari, convegni, corsi on-line, incontri sul territorio&#8230;) al fine di fornire strumenti di lettura della realt\u00e0 scolastica e supporto alla riflessione nelle esperienze di tirocinio diretto e sulla realt\u00e0 scolastica e pedagogica in senso pi\u00f9 ampio.\u00a0Nell&#8217;a.a. 2013\/2014 hanno realizzato la seguente documentazione video, a testimonianza del senso, del significato, del valore formativo dato al tirocinio collocato all&#8217;interno del percorso formativo universitario.<\/span><\/span><\/h4>\n<h4 style=\"text-align: justify;\"><\/h4>\n<h4 style=\"text-align: justify;\"><b><img loading=\"lazy\" decoding=\"async\" class=\"alignnone size-full wp-image-1216\" src=\"http:\/\/tirociniosfp.uniurb.it\/wp-content\/uploads\/2017\/01\/imm-video-1.png\" alt=\"\" width=\"285\" height=\"159\" \/><\/b><\/h4>\n<h4 style=\"text-align: justify;\">Il tirocinio \u00e8&#8230; Il sasso nello stagno (<a href=\"http:\/\/youtu.be\/pRhplzUzZNg\">Vedi<\/a>)<\/h4>\n<h4 style=\"text-align: justify;\"><\/h4>\n<p><img loading=\"lazy\" decoding=\"async\" class=\"alignnone size-full wp-image-1218\" src=\"http:\/\/tirociniosfp.uniurb.it\/wp-content\/uploads\/2017\/01\/imm-video-2.png\" alt=\"\" width=\"281\" height=\"157\" \/><\/p>\n<h4>Il tirocinio \u00e8&#8230; Il viaggio (<a href=\"http:\/\/youtu.be\/WD3O5QhgkKo\">Vedi)<\/a><\/h4>\n<h4><\/h4>\n<p><img loading=\"lazy\" decoding=\"async\" class=\"alignnone size-full wp-image-1219\" src=\"http:\/\/tirociniosfp.uniurb.it\/wp-content\/uploads\/2017\/01\/imm-video-3.png\" alt=\"\" width=\"290\" height=\"159\" \/><\/p>\n<h4>Il tirocinio \u00e8&#8230; Spot 1 (<a href=\"http:\/\/youtu.be\/Q7ZGed3DXlc\">Vedi<\/a>)<\/h4>\n<h4><\/h4>\n<p><img loading=\"lazy\" decoding=\"async\" class=\"alignnone size-full wp-image-1220\" src=\"http:\/\/tirociniosfp.uniurb.it\/wp-content\/uploads\/2017\/01\/imm-video4.png\" alt=\"\" width=\"282\" height=\"159\" \/><\/p>\n<h4>Il tirocinio \u00e8&#8230; La relazione educativa (<a href=\"http:\/\/youtu.be\/QthrJm3_lXQ\">Vedi<\/a>)<\/h4>\n<h4><\/h4>\n<p><img loading=\"lazy\" decoding=\"async\" class=\"alignnone size-full wp-image-1221\" src=\"http:\/\/tirociniosfp.uniurb.it\/wp-content\/uploads\/2017\/01\/imm-video-5.png\" alt=\"\" width=\"280\" height=\"158\" \/><\/p>\n<h4>Il tirocinio \u00e8&#8230; Dentro la scuola (<a href=\"http:\/\/youtu.be\/YJUtiMowvpM\">Vedi<\/a>)<\/h4>\n<h4><\/h4>\n<p><img loading=\"lazy\" decoding=\"async\" class=\"alignnone size-full wp-image-1222\" src=\"http:\/\/tirociniosfp.uniurb.it\/wp-content\/uploads\/2017\/01\/imm-video-6.png\" alt=\"\" width=\"282\" height=\"159\" \/><\/p>\n<h4>Il tirocinio \u00e8&#8230; Spot 2 (<a href=\"http:\/\/youtu.be\/GfStpMsKtck\">Vedi<\/a>)<\/h4>\n<h4><\/h4>\n<p><img loading=\"lazy\" decoding=\"async\" class=\"alignnone size-full wp-image-1223\" src=\"http:\/\/tirociniosfp.uniurb.it\/wp-content\/uploads\/2017\/01\/imm-video-7.png\" alt=\"\" width=\"285\" height=\"155\" \/><\/p>\n<h4>Il tirocinio \u00e8&#8230; Intervista doppia (<a href=\"https:\/\/www.youtube.com\/watch?v=nwtyIoJBrxs\">Vedi<\/a>)<\/h4>\n<h4><\/h4>\n<p><img loading=\"lazy\" decoding=\"async\" class=\"alignnone size-full wp-image-1224\" src=\"http:\/\/tirociniosfp.uniurb.it\/wp-content\/uploads\/2017\/01\/imm-video-8.png\" alt=\"\" width=\"283\" height=\"156\" \/><\/p>\n<h4><span style=\"color: #000000;\">Il tirocinio \u00e8&#8230; Spot 3 (<a style=\"color: #000000;\" href=\"https:\/\/www.youtube.com\/watch?v=MhylW5Q_GXA\">Vedi<\/a>)<\/span><\/h4>\n<h4><\/h4>\n<p><img loading=\"lazy\" decoding=\"async\" class=\"alignnone size-full wp-image-1225\" src=\"http:\/\/tirociniosfp.uniurb.it\/wp-content\/uploads\/2017\/01\/imm-video-9.png\" alt=\"\" width=\"280\" height=\"158\" \/><\/p>\n<p><span style=\"color: #000000;\"><strong>Il tirocinio \u00e8&#8230; I Supervisori (<a style=\"color: #000000;\" href=\"https:\/\/www.youtube.com\/watch?v=uScO8C3ZKpA\">Vedi<\/a>)<\/strong><\/span><\/p>\n<p>&nbsp;<\/p>\n","protected":false},"excerpt":{"rendered":"<p>I Tutor di tirocinio organizzano molteplici e diversificate iniziative di formazione (seminari, convegni, corsi on-line, incontri sul territorio&#8230;) al fine di fornire strumenti di lettura della realt\u00e0 scolastica e supporto alla riflessione nelle esperienze di tirocinio diretto e sulla realt\u00e0 scolastica e pedagogica in senso pi\u00f9 ampio.\u00a0Nell&#8217;a.a. 2013\/2014 hanno realizzato la seguente documentazione video, a testimonianza del senso, del significato, del valore formativo dato al tirocinio collocato all&#8217;interno del percorso formativo universitario. Il tirocinio \u00e8&#8230; Il sasso nello stagno (Vedi) Il tirocinio \u00e8&#8230; Il viaggio (Vedi) Il tirocinio \u00e8&#8230; Spot 1 (Vedi) Il tirocinio \u00e8&#8230; La relazione educativa (Vedi) Il tirocinio \u00e8&#8230; Dentro la scuola<a class=\"more-link\" href=\"https:\/\/tirociniosfp.uniurb.it\/?page_id=1206\">Leggi altro &rarr;<\/a><\/p>\n","protected":false},"author":2,"featured_media":0,"parent":1145,"menu_order":30,"comment_status":"closed","ping_status":"closed","template":"","meta":{"footnotes":""},"class_list":["entry","author-admin","post-1206","page","type-page","status-publish"],"_links":{"self":[{"href":"https:\/\/tirociniosfp.uniurb.it\/index.php?rest_route=\/wp\/v2\/pages\/1206","targetHints":{"allow":["GET"]}}],"collection":[{"href":"https:\/\/tirociniosfp.uniurb.it\/index.php?rest_route=\/wp\/v2\/pages"}],"about":[{"href":"https:\/\/tirociniosfp.uniurb.it\/index.php?rest_route=\/wp\/v2\/types\/page"}],"author":[{"embeddable":true,"href":"https:\/\/tirociniosfp.uniurb.it\/index.php?rest_route=\/wp\/v2\/users\/2"}],"replies":[{"embeddable":true,"href":"https:\/\/tirociniosfp.uniurb.it\/index.php?rest_route=%2Fwp%2Fv2%2Fcomments&post=1206"}],"version-history":[{"count":23,"href":"https:\/\/tirociniosfp.uniurb.it\/index.php?rest_route=\/wp\/v2\/pages\/1206\/revisions"}],"predecessor-version":[{"id":5363,"href":"https:\/\/tirociniosfp.uniurb.it\/index.php?rest_route=\/wp\/v2\/pages\/1206\/revisions\/5363"}],"up":[{"embeddable":true,"href":"https:\/\/tirociniosfp.uniurb.it\/index.php?rest_route=\/wp\/v2\/pages\/1145"}],"wp:attachment":[{"href":"https:\/\/tirociniosfp.uniurb.it\/index.php?rest_route=%2Fwp%2Fv2%2Fmedia&parent=1206"}],"curies":[{"name":"wp","href":"https:\/\/api.w.org\/{rel}","templated":true}]}}